

{"id":4,"date":"2011-12-08T11:55:34","date_gmt":"2011-12-08T10:55:34","guid":{"rendered":"http:\/\/project.inria.fr\/template1\/?page_id=4"},"modified":"2024-04-04T18:36:04","modified_gmt":"2024-04-04T16:36:04","slug":"home","status":"publish","type":"page","link":"https:\/\/commits.loria.fr\/fr\/","title":{"rendered":""},"content":{"rendered":"<div class=\"wp-block-image\"><figure class=\"aligncenter size-full\"><a href=\"https:\/\/commits.loria.fr\/files\/2024\/03\/logo2_page-0001-1.jpg\"><img loading=\"lazy\" decoding=\"async\" width=\"898\" height=\"247\" src=\"https:\/\/commits.loria.fr\/files\/2024\/03\/logo2_page-0001-1.jpg\" alt=\"\" class=\"wp-image-176\" srcset=\"https:\/\/commits.loria.fr\/files\/2024\/03\/logo2_page-0001-1.jpg 898w, https:\/\/commits.loria.fr\/files\/2024\/03\/logo2_page-0001-1-300x83.jpg 300w, https:\/\/commits.loria.fr\/files\/2024\/03\/logo2_page-0001-1-768x211.jpg 768w, https:\/\/commits.loria.fr\/files\/2024\/03\/logo2_page-0001-1-150x41.jpg 150w\" sizes=\"auto, (max-width: 898px) 100vw, 898px\" \/><\/a><\/figure><\/div>\n\n\n\n<h3 class=\"has-text-align-center wp-block-heading\"><strong>Infrastructure convergente de communication, contr\u00f4le et ordonnancement des syst\u00e8mes de transports bas\u00e9s sur des multi-capsules<\/strong><\/h3>\n\n\n\n<div class=\"wp-block-columns is-layout-flex wp-container-core-columns-is-layout-9d6595d7 wp-block-columns-is-layout-flex\">\n<div class=\"wp-block-column is-layout-flow wp-block-column-is-layout-flow\" style=\"flex-basis:100%\">\n<p>La mobilit\u00e9 urbaine ne cesse d&rsquo;introduire de nombreux d\u00e9fis environnementaux, soci\u00e9taux et \u00e9conomiques. En effet, en raison du manque d&rsquo;alternatives de transport efficaces, <strong>54% de la population fran\u00e7aise utilise encore sa voiture tous les jours.<\/strong>&nbsp; Pour r\u00e9pondre \u00e0 ces enjeux, URBANLOOP SAS d\u00e9veloppe actuellement un syst\u00e8me de transport autonome \u00e0 la demande et sur rail bas\u00e9 sur des capsules de petite taille.<\/p>\n<\/div>\n<\/div>\n\n\n\n<div class=\"wp-block-columns is-layout-flex wp-container-core-columns-is-layout-9d6595d7 wp-block-columns-is-layout-flex\">\n<div class=\"wp-block-column is-layout-flow wp-block-column-is-layout-flow\" style=\"flex-basis:66.66%\">\n<p>Le syst\u00e8me <a href=\"https:\/\/urbanloop.fr\" data-type=\"URL\" data-id=\"https:\/\/urbanloop.fr\" target=\"_blank\" rel=\"noreferrer noopener\">Urbanloop<\/a>, concept unique dans le monde, est compos\u00e9 de boucles interconnect\u00e9es avec une flotte de capsules \u00e9lectriques qui peuvent transporter jusqu&rsquo;\u00e0 un couple de personnes. Il pr\u00e9sente \u00e0 la fois les avantages du ferroviaire, tels que la faible consommation d\u2019\u00e9nergie et les avantages du transport \u00e0 la demande, \u00e0 savoir aucune correspondance ou arr\u00eat interm\u00e9diaire et pas de temps d\u2019attente.<\/p>\n\n\n\n<p><strong>Le projet COMMITS vise \u00e0 d\u00e9velopper une infrastructure convergente de communication, de contr\u00f4le et d&rsquo;ordonnancement afin de construire un syst\u00e8me cyber-physique pour g\u00e9rer le r\u00e9seau de transport Urbanloop \u00e0 grande \u00e9chelle<\/strong>. Le principal d\u00e9fi consiste \u00e0 contr\u00f4ler l&rsquo;ensemble du r\u00e9seau tout en respectant les contraintes de s\u00fbret\u00e9, de s\u00e9curit\u00e9 et de temps. Ce syst\u00e8me doit r\u00e9pondre instantan\u00e9ment, automatiquement et de mani\u00e8re adaptative \u00e0 des demandes multiples et simultan\u00e9es de trajets ferroviaires. \u00c0 l&rsquo;\u00e9chelle d&rsquo;une ville, <strong>le syst\u00e8me cyber-physique doit \u00eatre capable d&rsquo;orchestrer entre environ 10 et 4000 pods en temps r\u00e9el avec les caract\u00e9ristiques suivantes : pas de temps d&rsquo;attente, pas d&rsquo;arr\u00eats et de connexions interm\u00e9diaires et une vitesse moyenne de 60km\/h<\/strong>.<\/p>\n<\/div>\n\n\n\n<div class=\"wp-block-column is-layout-flow wp-block-column-is-layout-flow\" style=\"flex-basis:33.33%\">\n<figure class=\"wp-block-image size-large\"><a href=\"https:\/\/commits.loria.fr\/files\/2024\/02\/loop.png\"><img loading=\"lazy\" decoding=\"async\" width=\"1024\" height=\"593\" src=\"https:\/\/commits.loria.fr\/files\/2024\/02\/loop-1024x593.png\" alt=\"\" class=\"wp-image-118\" srcset=\"https:\/\/commits.loria.fr\/files\/2024\/02\/loop-1024x593.png 1024w, https:\/\/commits.loria.fr\/files\/2024\/02\/loop-300x174.png 300w, https:\/\/commits.loria.fr\/files\/2024\/02\/loop-768x444.png 768w, https:\/\/commits.loria.fr\/files\/2024\/02\/loop-150x87.png 150w, https:\/\/commits.loria.fr\/files\/2024\/02\/loop.png 1512w\" sizes=\"auto, (max-width: 1024px) 100vw, 1024px\" \/><\/a><\/figure>\n\n\n\n<figure class=\"wp-block-image size-full\"><a href=\"https:\/\/commits.loria.fr\/files\/2024\/02\/capsule.png\"><img loading=\"lazy\" decoding=\"async\" width=\"890\" height=\"402\" src=\"https:\/\/commits.loria.fr\/files\/2024\/02\/capsule.png\" alt=\"\" class=\"wp-image-119\" srcset=\"https:\/\/commits.loria.fr\/files\/2024\/02\/capsule.png 890w, https:\/\/commits.loria.fr\/files\/2024\/02\/capsule-300x136.png 300w, https:\/\/commits.loria.fr\/files\/2024\/02\/capsule-768x347.png 768w, https:\/\/commits.loria.fr\/files\/2024\/02\/capsule-150x68.png 150w\" sizes=\"auto, (max-width: 890px) 100vw, 890px\" \/><\/a><\/figure>\n<\/div>\n<\/div>\n\n\n\n<p>Le fait d\u2019adapter l\u2019architecture standard de syst\u00e8me cyber-physique pour des transports ferroviaires, \u00e0 savoir le CBTC (Communication-Based Train Control), n\u2019est pas suffisant pour r\u00e9pondre aux d\u00e9fis pos\u00e9s par Urbanloop. En effet, le CBTC ne permet pas une cadence suffisante pour les performances recherch\u00e9es. <strong>COMMITS doit d\u00e9velopper son propre syst\u00e8me de commande et de planification ainsi que l\u2019architecture de communication sur laquelle le syst\u00e8me se base, afin d\u2019automatiser le syst\u00e8me de transport sur rail \u00e0 la demande qu\u2019est Urbanloop<\/strong>. Pour cela, nous d\u00e9velopperons et \u00e9tudierons deux approches : centralis\u00e9e et d\u00e9centralis\u00e9e, en fonction de la taille du r\u00e9seau. Pour l\u2019approche centralis\u00e9e, une unit\u00e9 centrale sera d\u00e9velopp\u00e9e qui communique avec chaque capsule pour g\u00e9n\u00e9rer et transmettre la feuille de route en temps r\u00e9el. Un contr\u00f4leur local est con\u00e7u pour chaque capsule afin de respecter la feuille de route en question. Dans cette approche, toute l\u2019intelligence et les fonctions li\u00e9es \u00e0 la s\u00e9curit\u00e9 sont g\u00e9r\u00e9es par l\u2019unit\u00e9 centrale. Aucune autonomie n\u2019est donn\u00e9e aux capsules. Les communications entre la capsule et l\u2019entit\u00e9 centrale sont alors importantes, ce qui limite la taille du r\u00e9seau Urbanloop. Pour r\u00e9duire le nombre de communications, l\u2019approche d\u00e9centralis\u00e9e sera d\u00e9velopp\u00e9e en transf\u00e9rant l\u2019intelligence (partiellement ou totalement selon les r\u00e9sultats obtenus) dans les capsules et les boucles, n\u00e9cessitant la gestion de la s\u00e9curit\u00e9 et des performances localement. Ainsi le nombre de capsules pouvant \u00eatre g\u00e9r\u00e9es sera augment\u00e9. Pour ces deux approches, <strong>COMMITs doit \u00e9galement concevoir l\u2019interface de communication pour permettre un transfert d\u2019information fiable et \u00e0 faible latence entre les diff\u00e9rents \u00e9l\u00e9ments<\/strong>. Le syst\u00e8me cyber-physique con\u00e7u sera mis en \u0153uvre et valid\u00e9 exp\u00e9rimentalement sur une plateforme de tests \u00e0 l\u2019\u00e9chelle de plusieurs kilom\u00e8tres.<\/p>\n\n\n\n<p class=\"has-text-align-center\"><strong>Coordinateur scientifique<\/strong> : Abdelkader Lahmadi (Universit\u00e9 de Lorraine)<\/p>\n\n\n\n<hr class=\"wp-block-separator\"\/>\n\n\n\n<div class=\"wp-block-image\"><figure class=\"aligncenter size-large is-resized\"><a href=\"https:\/\/commits.loria.fr\/files\/2024\/02\/ANR-logo-2021-complet.jpg\"><img loading=\"lazy\" decoding=\"async\" src=\"https:\/\/commits.loria.fr\/files\/2024\/02\/ANR-logo-2021-complet-1024x262.jpg\" alt=\"\" class=\"wp-image-141\" width=\"256\" height=\"66\" srcset=\"https:\/\/commits.loria.fr\/files\/2024\/02\/ANR-logo-2021-complet-1024x262.jpg 1024w, https:\/\/commits.loria.fr\/files\/2024\/02\/ANR-logo-2021-complet-300x77.jpg 300w, https:\/\/commits.loria.fr\/files\/2024\/02\/ANR-logo-2021-complet-768x197.jpg 768w, https:\/\/commits.loria.fr\/files\/2024\/02\/ANR-logo-2021-complet-1536x394.jpg 1536w, https:\/\/commits.loria.fr\/files\/2024\/02\/ANR-logo-2021-complet-150x38.jpg 150w, https:\/\/commits.loria.fr\/files\/2024\/02\/ANR-logo-2021-complet-1920x497.jpg 1920w, https:\/\/commits.loria.fr\/files\/2024\/02\/ANR-logo-2021-complet.jpg 1939w\" sizes=\"auto, (max-width: 256px) 100vw, 256px\" \/><\/a><\/figure><\/div>","protected":false},"excerpt":{"rendered":"<p>Infrastructure convergente de communication, contr\u00f4le et ordonnancement des syst\u00e8mes de transports bas\u00e9s sur des multi-capsules La mobilit\u00e9 urbaine ne cesse d&rsquo;introduire de nombreux d\u00e9fis environnementaux, soci\u00e9taux et \u00e9conomiques. En effet, en raison du manque d&rsquo;alternatives de transport efficaces, 54% de la population fran\u00e7aise utilise encore sa voiture tous les jours.&nbsp;\u2026<\/p>\n<p> <a class=\"continue-reading-link\" href=\"https:\/\/commits.loria.fr\/fr\/\"><span>Continue reading<\/span><i class=\"crycon-right-dir\"><\/i><\/a> <\/p>\n","protected":false},"author":1,"featured_media":0,"parent":0,"menu_order":0,"comment_status":"closed","ping_status":"closed","template":"","meta":{"footnotes":""},"class_list":["post-4","page","type-page","status-publish","hentry"],"_links":{"self":[{"href":"https:\/\/commits.loria.fr\/fr\/wp-json\/wp\/v2\/pages\/4","targetHints":{"allow":["GET"]}}],"collection":[{"href":"https:\/\/commits.loria.fr\/fr\/wp-json\/wp\/v2\/pages"}],"about":[{"href":"https:\/\/commits.loria.fr\/fr\/wp-json\/wp\/v2\/types\/page"}],"author":[{"embeddable":true,"href":"https:\/\/commits.loria.fr\/fr\/wp-json\/wp\/v2\/users\/1"}],"replies":[{"embeddable":true,"href":"https:\/\/commits.loria.fr\/fr\/wp-json\/wp\/v2\/comments?post=4"}],"version-history":[{"count":36,"href":"https:\/\/commits.loria.fr\/fr\/wp-json\/wp\/v2\/pages\/4\/revisions"}],"predecessor-version":[{"id":198,"href":"https:\/\/commits.loria.fr\/fr\/wp-json\/wp\/v2\/pages\/4\/revisions\/198"}],"wp:attachment":[{"href":"https:\/\/commits.loria.fr\/fr\/wp-json\/wp\/v2\/media?parent=4"}],"curies":[{"name":"wp","href":"https:\/\/api.w.org\/{rel}","templated":true}]}}